{"id":17,"date":"2021-10-22T01:33:55","date_gmt":"2021-10-22T01:33:55","guid":{"rendered":"https:\/\/projetos.adryansoftware.com.br\/nutri\/?page_id=17"},"modified":"2021-10-26T22:08:44","modified_gmt":"2021-10-26T22:08:44","slug":"especialidades","status":"publish","type":"page","link":"https:\/\/projetos.adryansoftware.com.br\/nutri\/especialidades\/","title":{"rendered":"Especialidades"},"content":{"rendered":"\t\t<div data-elementor-type=\"wp-page\" data-elementor-id=\"17\" class=\"elementor elementor-17\">\n\t\t\t\t\t\t\t\t\t<section class=\"elementor-section elementor-top-section elementor-element elementor-element-ec2c8b1 elementor-section-height-min-height elementor-section-boxed elementor-section-height-default elementor-section-items-middle\" data-id=\"ec2c8b1\" data-element_type=\"section\" data-settings=\"{&quot;background_background&quot;:&quot;classic&quot;}\">\n\t\t\t\t\t\t\t<div class=\"elementor-background-overlay\"><\/div>\n\t\t\t\t\t\t\t<div class=\"elementor-container elementor-column-gap-default\">\n\t\t\t\t\t<div class=\"elementor-column elementor-col-100 elementor-top-column elementor-element elementor-element-ba712f3\" data-id=\"ba712f3\" data-element_type=\"column\">\n\t\t\t<div class=\"elementor-widget-wrap elementor-element-populated\">\n\t\t\t\t\t\t\t\t<div class=\"elementor-element elementor-element-2a9512f elementor-invisible elementor-widget elementor-widget-heading\" data-id=\"2a9512f\" data-element_type=\"widget\" data-settings=\"{&quot;_animation&quot;:&quot;fadeInUp&quot;}\" data-widget_type=\"heading.default\">\n\t\t\t\t<div class=\"elementor-widget-container\">\n\t\t\t<style>\/*! elementor - v3.11.5 - 14-03-2023 *\/\n.elementor-heading-title{padding:0;margin:0;line-height:1}.elementor-widget-heading .elementor-heading-title[class*=elementor-size-]>a{color:inherit;font-size:inherit;line-height:inherit}.elementor-widget-heading .elementor-heading-title.elementor-size-small{font-size:15px}.elementor-widget-heading .elementor-heading-title.elementor-size-medium{font-size:19px}.elementor-widget-heading .elementor-heading-title.elementor-size-large{font-size:29px}.elementor-widget-heading .elementor-heading-title.elementor-size-xl{font-size:39px}.elementor-widget-heading .elementor-heading-title.elementor-size-xxl{font-size:59px}<\/style><h2 class=\"elementor-heading-title elementor-size-default\">ESPECIALIDADES<\/h2>\t\t<\/div>\n\t\t\t\t<\/div>\n\t\t\t\t<div class=\"elementor-element elementor-element-ad5d0c0 elementor-invisible elementor-widget elementor-widget-heading\" data-id=\"ad5d0c0\" data-element_type=\"widget\" data-settings=\"{&quot;_animation&quot;:&quot;fadeInUp&quot;}\" data-widget_type=\"heading.default\">\n\t\t\t\t<div class=\"elementor-widget-container\">\n\t\t\t<h2 class=\"elementor-heading-title elementor-size-default\">Seja qual seu objetivo, estamos nessa com voc\u00ea!<\/h2>\t\t<\/div>\n\t\t\t\t<\/div>\n\t\t\t\t\t<\/div>\n\t\t<\/div>\n\t\t\t\t\t\t\t<\/div>\n\t\t<\/section>\n\t\t\t\t<section class=\"elementor-section elementor-top-section elementor-element elementor-element-f441c14 elementor-section-content-middle elementor-section-boxed elementor-section-height-default elementor-section-height-default\" data-id=\"f441c14\" data-element_type=\"section\">\n\t\t\t\t\t\t<div class=\"elementor-container elementor-column-gap-default\">\n\t\t\t\t\t<div class=\"elementor-column elementor-col-50 elementor-top-column elementor-element elementor-element-e632350\" data-id=\"e632350\" data-element_type=\"column\">\n\t\t\t<div class=\"elementor-widget-wrap elementor-element-populated\">\n\t\t\t\t\t\t\t\t<div class=\"elementor-element elementor-element-d7ef4c9 elementor-invisible elementor-widget elementor-widget-image\" data-id=\"d7ef4c9\" data-element_type=\"widget\" data-settings=\"{&quot;_animation&quot;:&quot;fadeInLeft&quot;}\" data-widget_type=\"image.default\">\n\t\t\t\t<div class=\"elementor-widget-container\">\n\t\t\t<style>\/*! elementor - v3.11.5 - 14-03-2023 *\/\n.elementor-widget-image{text-align:center}.elementor-widget-image a{display:inline-block}.elementor-widget-image a img[src$=\".svg\"]{width:48px}.elementor-widget-image img{vertical-align:middle;display:inline-block}<\/style>\t\t\t\t\t\t\t\t\t\t\t\t<img decoding=\"async\" width=\"512\" height=\"512\" src=\"https:\/\/projetos.adryansoftware.com.br\/nutri\/wp-content\/uploads\/2021\/10\/doctor.png\" class=\"attachment-full size-full wp-image-95\" alt=\"\" loading=\"lazy\" srcset=\"https:\/\/projetos.adryansoftware.com.br\/nutri\/wp-content\/uploads\/2021\/10\/doctor.png 512w, https:\/\/projetos.adryansoftware.com.br\/nutri\/wp-content\/uploads\/2021\/10\/doctor-300x300.png 300w, https:\/\/projetos.adryansoftware.com.br\/nutri\/wp-content\/uploads\/2021\/10\/doctor-150x150.png 150w\" sizes=\"(max-width: 512px) 100vw, 512px\" \/>\t\t\t\t\t\t\t\t\t\t\t\t\t\t\t<\/div>\n\t\t\t\t<\/div>\n\t\t\t\t<div class=\"elementor-element elementor-element-550150c elementor-invisible elementor-widget elementor-widget-heading\" data-id=\"550150c\" data-element_type=\"widget\" data-settings=\"{&quot;_animation&quot;:&quot;fadeInLeft&quot;}\" data-widget_type=\"heading.default\">\n\t\t\t\t<div class=\"elementor-widget-container\">\n\t\t\t<h2 class=\"elementor-heading-title elementor-size-default\">NUTRI\u00c7\u00c3O CL\u00cdNICA<\/h2>\t\t<\/div>\n\t\t\t\t<\/div>\n\t\t\t\t<div class=\"elementor-element elementor-element-e3f807e elementor-invisible elementor-widget elementor-widget-text-editor\" data-id=\"e3f807e\" data-element_type=\"widget\" data-settings=\"{&quot;_animation&quot;:&quot;fadeInLeft&quot;}\" data-widget_type=\"text-editor.default\">\n\t\t\t\t<div class=\"elementor-widget-container\">\n\t\t\t<style>\/*! elementor - v3.11.5 - 14-03-2023 *\/\n.elementor-widget-text-editor.elementor-drop-cap-view-stacked .elementor-drop-cap{background-color:#818a91;color:#fff}.elementor-widget-text-editor.elementor-drop-cap-view-framed .elementor-drop-cap{color:#818a91;border:3px solid;background-color:transparent}.elementor-widget-text-editor:not(.elementor-drop-cap-view-default) .elementor-drop-cap{margin-top:8px}.elementor-widget-text-editor:not(.elementor-drop-cap-view-default) .elementor-drop-cap-letter{width:1em;height:1em}.elementor-widget-text-editor .elementor-drop-cap{float:left;text-align:center;line-height:1;font-size:50px}.elementor-widget-text-editor .elementor-drop-cap-letter{display:inline-block}<\/style>\t\t\t\t<p>Contrary to popular belief, Lorem Ipsum is not simply random text. It has\u00a0 words, consectetur, from a Lorem Ipsum passage, and going through the cites of the word in classical literature, through the cites of the word in classical literature, through the cites of the word in classical literature,through the cites of the word in classical literature,through the cites of the word in classical literature,through the cites of the word in classical literature, discovered the undoubtable source.<\/p><p>Contrary to popular belief, Lorem Ipsum is not simply random text. It has\u00a0 words, consectetur, from a Lorem Ipsum passage, and going through the cites of the word in classical literature, discovered the undoubtable source.<\/p><p>Contrary to popular belief, Lorem Ipsum is not simply random text. It has roots in a piece of classical Latin literature from 45 BC, making it over\u00a0 cites of the word in classical literature, discovered the undoubtable source.<\/p>\t\t\t\t\t\t<\/div>\n\t\t\t\t<\/div>\n\t\t\t\t\t<\/div>\n\t\t<\/div>\n\t\t\t\t<div class=\"elementor-column elementor-col-50 elementor-top-column elementor-element elementor-element-6d2e22d\" data-id=\"6d2e22d\" data-element_type=\"column\">\n\t\t\t<div class=\"elementor-widget-wrap elementor-element-populated\">\n\t\t\t\t\t\t\t\t<div class=\"elementor-element elementor-element-f2931ef elementor-invisible elementor-widget elementor-widget-image\" data-id=\"f2931ef\" data-element_type=\"widget\" data-settings=\"{&quot;_animation&quot;:&quot;fadeInRight&quot;}\" data-widget_type=\"image.default\">\n\t\t\t\t<div class=\"elementor-widget-container\">\n\t\t\t\t\t\t\t\t\t\t\t\t\t\t\t<img decoding=\"async\" width=\"780\" height=\"684\" src=\"https:\/\/projetos.adryansoftware.com.br\/nutri\/wp-content\/uploads\/2021\/10\/nutricao-clinica.png\" class=\"attachment-large size-large wp-image-172\" alt=\"\" loading=\"lazy\" srcset=\"https:\/\/projetos.adryansoftware.com.br\/nutri\/wp-content\/uploads\/2021\/10\/nutricao-clinica.png 780w, https:\/\/projetos.adryansoftware.com.br\/nutri\/wp-content\/uploads\/2021\/10\/nutricao-clinica-300x263.png 300w, https:\/\/projetos.adryansoftware.com.br\/nutri\/wp-content\/uploads\/2021\/10\/nutricao-clinica-768x673.png 768w\" sizes=\"(max-width: 780px) 100vw, 780px\" \/>\t\t\t\t\t\t\t\t\t\t\t\t\t\t\t<\/div>\n\t\t\t\t<\/div>\n\t\t\t\t\t<\/div>\n\t\t<\/div>\n\t\t\t\t\t\t\t<\/div>\n\t\t<\/section>\n\t\t\t\t<section class=\"elementor-section elementor-top-section elementor-element elementor-element-ef974ec elementor-section-content-middle elementor-reverse-mobile elementor-section-boxed elementor-section-height-default elementor-section-height-default\" data-id=\"ef974ec\" data-element_type=\"section\">\n\t\t\t\t\t\t<div class=\"elementor-container elementor-column-gap-default\">\n\t\t\t\t\t<div class=\"elementor-column elementor-col-50 elementor-top-column elementor-element elementor-element-2eaad3c\" data-id=\"2eaad3c\" data-element_type=\"column\">\n\t\t\t<div class=\"elementor-widget-wrap elementor-element-populated\">\n\t\t\t\t\t\t\t\t<div class=\"elementor-element elementor-element-3fcdc36 elementor-invisible elementor-widget elementor-widget-image\" data-id=\"3fcdc36\" data-element_type=\"widget\" data-settings=\"{&quot;_animation&quot;:&quot;fadeInLeft&quot;}\" data-widget_type=\"image.default\">\n\t\t\t\t<div class=\"elementor-widget-container\">\n\t\t\t\t\t\t\t\t\t\t\t\t\t\t\t<img decoding=\"async\" width=\"780\" height=\"684\" src=\"https:\/\/projetos.adryansoftware.com.br\/nutri\/wp-content\/uploads\/2021\/10\/quem-somos-1.png\" class=\"attachment-large size-large wp-image-156\" alt=\"\" loading=\"lazy\" srcset=\"https:\/\/projetos.adryansoftware.com.br\/nutri\/wp-content\/uploads\/2021\/10\/quem-somos-1.png 780w, https:\/\/projetos.adryansoftware.com.br\/nutri\/wp-content\/uploads\/2021\/10\/quem-somos-1-300x263.png 300w, https:\/\/projetos.adryansoftware.com.br\/nutri\/wp-content\/uploads\/2021\/10\/quem-somos-1-768x673.png 768w\" sizes=\"(max-width: 780px) 100vw, 780px\" \/>\t\t\t\t\t\t\t\t\t\t\t\t\t\t\t<\/div>\n\t\t\t\t<\/div>\n\t\t\t\t\t<\/div>\n\t\t<\/div>\n\t\t\t\t<div class=\"elementor-column elementor-col-50 elementor-top-column elementor-element elementor-element-1bf8784\" data-id=\"1bf8784\" data-element_type=\"column\">\n\t\t\t<div class=\"elementor-widget-wrap elementor-element-populated\">\n\t\t\t\t\t\t\t\t<div class=\"elementor-element elementor-element-c143f00 elementor-invisible elementor-widget elementor-widget-image\" data-id=\"c143f00\" data-element_type=\"widget\" data-settings=\"{&quot;_animation&quot;:&quot;fadeInRight&quot;}\" data-widget_type=\"image.default\">\n\t\t\t\t<div class=\"elementor-widget-container\">\n\t\t\t\t\t\t\t\t\t\t\t\t\t\t\t<img decoding=\"async\" width=\"512\" height=\"512\" src=\"https:\/\/projetos.adryansoftware.com.br\/nutri\/wp-content\/uploads\/2021\/10\/gym.png\" class=\"attachment-full size-full wp-image-96\" alt=\"\" loading=\"lazy\" srcset=\"https:\/\/projetos.adryansoftware.com.br\/nutri\/wp-content\/uploads\/2021\/10\/gym.png 512w, https:\/\/projetos.adryansoftware.com.br\/nutri\/wp-content\/uploads\/2021\/10\/gym-300x300.png 300w, https:\/\/projetos.adryansoftware.com.br\/nutri\/wp-content\/uploads\/2021\/10\/gym-150x150.png 150w\" sizes=\"(max-width: 512px) 100vw, 512px\" \/>\t\t\t\t\t\t\t\t\t\t\t\t\t\t\t<\/div>\n\t\t\t\t<\/div>\n\t\t\t\t<div class=\"elementor-element elementor-element-a82a548 elementor-invisible elementor-widget elementor-widget-heading\" data-id=\"a82a548\" data-element_type=\"widget\" data-settings=\"{&quot;_animation&quot;:&quot;fadeInRight&quot;}\" data-widget_type=\"heading.default\">\n\t\t\t\t<div class=\"elementor-widget-container\">\n\t\t\t<h2 class=\"elementor-heading-title elementor-size-default\">NUTRI\u00c7\u00c3O ESPORTIVA<\/h2>\t\t<\/div>\n\t\t\t\t<\/div>\n\t\t\t\t<div class=\"elementor-element elementor-element-928913f elementor-invisible elementor-widget elementor-widget-text-editor\" data-id=\"928913f\" data-element_type=\"widget\" data-settings=\"{&quot;_animation&quot;:&quot;fadeInRight&quot;}\" data-widget_type=\"text-editor.default\">\n\t\t\t\t<div class=\"elementor-widget-container\">\n\t\t\t\t\t\t\t<p>Contrary to popular belief, Lorem Ipsum is not simply random text. It has\u00a0 words, consectetur, from a Lorem Ipsum passage, and going through the cites of the word in classical literature, through the cites of the word in classical literature, through the cites of the word in classical literature,through the cites of the word in classical literature,through the cites of the word in classical literature,through the cites of the word in classical literature, discovered the undoubtable source.<\/p><p>Contrary to popular belief, Lorem Ipsum is not simply random text. It has\u00a0 words, consectetur, from a Lorem Ipsum passage, and going through the cites of the word in classical literature, discovered the undoubtable source.<\/p><p>Contrary to popular belief, Lorem Ipsum is not simply random text. It has roots in a piece of classical Latin literature from 45 BC, making it over\u00a0 cites of the word in classical literature, discovered the undoubtable source.<\/p>\t\t\t\t\t\t<\/div>\n\t\t\t\t<\/div>\n\t\t\t\t\t<\/div>\n\t\t<\/div>\n\t\t\t\t\t\t\t<\/div>\n\t\t<\/section>\n\t\t\t\t<section class=\"elementor-section elementor-top-section elementor-element elementor-element-3187209 elementor-section-content-middle elementor-section-boxed elementor-section-height-default elementor-section-height-default\" data-id=\"3187209\" data-element_type=\"section\">\n\t\t\t\t\t\t<div class=\"elementor-container elementor-column-gap-default\">\n\t\t\t\t\t<div class=\"elementor-column elementor-col-50 elementor-top-column elementor-element elementor-element-6e69419\" data-id=\"6e69419\" data-element_type=\"column\">\n\t\t\t<div class=\"elementor-widget-wrap elementor-element-populated\">\n\t\t\t\t\t\t\t\t<div class=\"elementor-element elementor-element-dfc79f0 elementor-invisible elementor-widget elementor-widget-image\" data-id=\"dfc79f0\" data-element_type=\"widget\" data-settings=\"{&quot;_animation&quot;:&quot;fadeInLeft&quot;}\" data-widget_type=\"image.default\">\n\t\t\t\t<div class=\"elementor-widget-container\">\n\t\t\t\t\t\t\t\t\t\t\t\t\t\t\t<img decoding=\"async\" width=\"512\" height=\"512\" src=\"https:\/\/projetos.adryansoftware.com.br\/nutri\/wp-content\/uploads\/2021\/10\/list-1.png\" class=\"attachment-full size-full wp-image-98\" alt=\"\" loading=\"lazy\" srcset=\"https:\/\/projetos.adryansoftware.com.br\/nutri\/wp-content\/uploads\/2021\/10\/list-1.png 512w, https:\/\/projetos.adryansoftware.com.br\/nutri\/wp-content\/uploads\/2021\/10\/list-1-300x300.png 300w, https:\/\/projetos.adryansoftware.com.br\/nutri\/wp-content\/uploads\/2021\/10\/list-1-150x150.png 150w\" sizes=\"(max-width: 512px) 100vw, 512px\" \/>\t\t\t\t\t\t\t\t\t\t\t\t\t\t\t<\/div>\n\t\t\t\t<\/div>\n\t\t\t\t<div class=\"elementor-element elementor-element-d16752c elementor-invisible elementor-widget elementor-widget-heading\" data-id=\"d16752c\" data-element_type=\"widget\" data-settings=\"{&quot;_animation&quot;:&quot;fadeInLeft&quot;}\" data-widget_type=\"heading.default\">\n\t\t\t\t<div class=\"elementor-widget-container\">\n\t\t\t<h2 class=\"elementor-heading-title elementor-size-default\">CONSULTORIA NUTRICIONAL<\/h2>\t\t<\/div>\n\t\t\t\t<\/div>\n\t\t\t\t<div class=\"elementor-element elementor-element-608c8cd elementor-invisible elementor-widget elementor-widget-text-editor\" data-id=\"608c8cd\" data-element_type=\"widget\" data-settings=\"{&quot;_animation&quot;:&quot;fadeInLeft&quot;}\" data-widget_type=\"text-editor.default\">\n\t\t\t\t<div class=\"elementor-widget-container\">\n\t\t\t\t\t\t\t<p>Contrary to popular belief, Lorem Ipsum is not simply random text. It has\u00a0 words, consectetur, from a Lorem Ipsum passage, and going through the cites of the word in classical literature, through the cites of the word in classical literature, through the cites of the word in classical literature,through the cites of the word in classical literature,through the cites of the word in classical literature,through the cites of the word in classical literature, discovered the undoubtable source.<\/p><p>Contrary to popular belief, Lorem Ipsum is not simply random text. It has\u00a0 words, consectetur, from a Lorem Ipsum passage, and going through the cites of the word in classical literature, discovered the undoubtable source.<\/p><p>Contrary to popular belief, Lorem Ipsum is not simply random text. It has roots in a piece of classical Latin literature from 45 BC, making it over\u00a0 cites of the word in classical literature, discovered the undoubtable source.<\/p>\t\t\t\t\t\t<\/div>\n\t\t\t\t<\/div>\n\t\t\t\t\t<\/div>\n\t\t<\/div>\n\t\t\t\t<div class=\"elementor-column elementor-col-50 elementor-top-column elementor-element elementor-element-609979a\" data-id=\"609979a\" data-element_type=\"column\">\n\t\t\t<div class=\"elementor-widget-wrap elementor-element-populated\">\n\t\t\t\t\t\t\t\t<div class=\"elementor-element elementor-element-358d786 elementor-invisible elementor-widget elementor-widget-image\" data-id=\"358d786\" data-element_type=\"widget\" data-settings=\"{&quot;_animation&quot;:&quot;fadeInRight&quot;}\" data-widget_type=\"image.default\">\n\t\t\t\t<div class=\"elementor-widget-container\">\n\t\t\t\t\t\t\t\t\t\t\t\t\t\t\t<img decoding=\"async\" width=\"780\" height=\"684\" src=\"https:\/\/projetos.adryansoftware.com.br\/nutri\/wp-content\/uploads\/2021\/10\/consultoria-nutricional.png\" class=\"attachment-large size-large wp-image-173\" alt=\"\" loading=\"lazy\" srcset=\"https:\/\/projetos.adryansoftware.com.br\/nutri\/wp-content\/uploads\/2021\/10\/consultoria-nutricional.png 780w, https:\/\/projetos.adryansoftware.com.br\/nutri\/wp-content\/uploads\/2021\/10\/consultoria-nutricional-300x263.png 300w, https:\/\/projetos.adryansoftware.com.br\/nutri\/wp-content\/uploads\/2021\/10\/consultoria-nutricional-768x673.png 768w\" sizes=\"(max-width: 780px) 100vw, 780px\" \/>\t\t\t\t\t\t\t\t\t\t\t\t\t\t\t<\/div>\n\t\t\t\t<\/div>\n\t\t\t\t\t<\/div>\n\t\t<\/div>\n\t\t\t\t\t\t\t<\/div>\n\t\t<\/section>\n\t\t\t\t<section class=\"elementor-section elementor-top-section elementor-element elementor-element-4ad8936 elementor-section-content-middle elementor-reverse-mobile elementor-section-boxed elementor-section-height-default elementor-section-height-default\" data-id=\"4ad8936\" data-element_type=\"section\">\n\t\t\t\t\t\t<div class=\"elementor-container elementor-column-gap-default\">\n\t\t\t\t\t<div class=\"elementor-column elementor-col-50 elementor-top-column elementor-element elementor-element-a076f6d\" data-id=\"a076f6d\" data-element_type=\"column\">\n\t\t\t<div class=\"elementor-widget-wrap elementor-element-populated\">\n\t\t\t\t\t\t\t\t<div class=\"elementor-element elementor-element-ff9afa2 elementor-invisible elementor-widget elementor-widget-image\" data-id=\"ff9afa2\" data-element_type=\"widget\" data-settings=\"{&quot;_animation&quot;:&quot;fadeInLeft&quot;}\" data-widget_type=\"image.default\">\n\t\t\t\t<div class=\"elementor-widget-container\">\n\t\t\t\t\t\t\t\t\t\t\t\t\t\t\t<img decoding=\"async\" width=\"780\" height=\"684\" src=\"https:\/\/projetos.adryansoftware.com.br\/nutri\/wp-content\/uploads\/2021\/10\/Coach-nutricional.png\" class=\"attachment-large size-large wp-image-142\" alt=\"\" loading=\"lazy\" srcset=\"https:\/\/projetos.adryansoftware.com.br\/nutri\/wp-content\/uploads\/2021\/10\/Coach-nutricional.png 780w, https:\/\/projetos.adryansoftware.com.br\/nutri\/wp-content\/uploads\/2021\/10\/Coach-nutricional-300x263.png 300w, https:\/\/projetos.adryansoftware.com.br\/nutri\/wp-content\/uploads\/2021\/10\/Coach-nutricional-768x673.png 768w\" sizes=\"(max-width: 780px) 100vw, 780px\" \/>\t\t\t\t\t\t\t\t\t\t\t\t\t\t\t<\/div>\n\t\t\t\t<\/div>\n\t\t\t\t\t<\/div>\n\t\t<\/div>\n\t\t\t\t<div class=\"elementor-column elementor-col-50 elementor-top-column elementor-element elementor-element-c37f2b3\" data-id=\"c37f2b3\" data-element_type=\"column\">\n\t\t\t<div class=\"elementor-widget-wrap elementor-element-populated\">\n\t\t\t\t\t\t\t\t<div class=\"elementor-element elementor-element-7fbf9c8 elementor-invisible elementor-widget elementor-widget-image\" data-id=\"7fbf9c8\" data-element_type=\"widget\" data-settings=\"{&quot;_animation&quot;:&quot;fadeInRight&quot;}\" data-widget_type=\"image.default\">\n\t\t\t\t<div class=\"elementor-widget-container\">\n\t\t\t\t\t\t\t\t\t\t\t\t\t\t\t<img decoding=\"async\" width=\"512\" height=\"512\" src=\"https:\/\/projetos.adryansoftware.com.br\/nutri\/wp-content\/uploads\/2021\/10\/graph.png\" class=\"attachment-full size-full wp-image-100\" alt=\"\" loading=\"lazy\" srcset=\"https:\/\/projetos.adryansoftware.com.br\/nutri\/wp-content\/uploads\/2021\/10\/graph.png 512w, https:\/\/projetos.adryansoftware.com.br\/nutri\/wp-content\/uploads\/2021\/10\/graph-300x300.png 300w, https:\/\/projetos.adryansoftware.com.br\/nutri\/wp-content\/uploads\/2021\/10\/graph-150x150.png 150w\" sizes=\"(max-width: 512px) 100vw, 512px\" \/>\t\t\t\t\t\t\t\t\t\t\t\t\t\t\t<\/div>\n\t\t\t\t<\/div>\n\t\t\t\t<div class=\"elementor-element elementor-element-7a81b18 elementor-invisible elementor-widget elementor-widget-heading\" data-id=\"7a81b18\" data-element_type=\"widget\" data-settings=\"{&quot;_animation&quot;:&quot;fadeInRight&quot;}\" data-widget_type=\"heading.default\">\n\t\t\t\t<div class=\"elementor-widget-container\">\n\t\t\t<h2 class=\"elementor-heading-title elementor-size-default\">COACH NUTRICIONAL<\/h2>\t\t<\/div>\n\t\t\t\t<\/div>\n\t\t\t\t<div class=\"elementor-element elementor-element-65a530c elementor-invisible elementor-widget elementor-widget-text-editor\" data-id=\"65a530c\" data-element_type=\"widget\" data-settings=\"{&quot;_animation&quot;:&quot;fadeInRight&quot;}\" data-widget_type=\"text-editor.default\">\n\t\t\t\t<div class=\"elementor-widget-container\">\n\t\t\t\t\t\t\t<p>Contrary to popular belief, Lorem Ipsum is not simply random text. It has\u00a0 words, consectetur, from a Lorem Ipsum passage, and going through the cites of the word in classical literature, through the cites of the word in classical literature, through the cites of the word in classical literature,through the cites of the word in classical literature,through the cites of the word in classical literature,through the cites of the word in classical literature, discovered the undoubtable source.<\/p><p>Contrary to popular belief, Lorem Ipsum is not simply random text. It has\u00a0 words, consectetur, from a Lorem Ipsum passage, and going through the cites of the word in classical literature, discovered the undoubtable source.<\/p><p>Contrary to popular belief, Lorem Ipsum is not simply random text. It has roots in a piece of classical Latin literature from 45 BC, making it over\u00a0 cites of the word in classical literature, discovered the undoubtable source.<\/p>\t\t\t\t\t\t<\/div>\n\t\t\t\t<\/div>\n\t\t\t\t\t<\/div>\n\t\t<\/div>\n\t\t\t\t\t\t\t<\/div>\n\t\t<\/section>\n\t\t\t\t\t\t\t<\/div>\n\t\t","protected":false},"excerpt":{"rendered":"<p>ESPECIALIDADES Seja qual seu objetivo, estamos nessa com voc\u00ea! NUTRI\u00c7\u00c3O CL\u00cdNICA Contrary to popular belief, Lorem Ipsum is not simply random text. It has\u00a0 words, consectetur, from a Lorem Ipsum passage, and going through the cites of the word in classical literature, through the cites of the word in classical literature, through the cites of [&hellip;]<\/p>\n","protected":false},"author":1,"featured_media":0,"parent":0,"menu_order":0,"comment_status":"closed","ping_status":"closed","template":"elementor_header_footer","meta":[],"_links":{"self":[{"href":"https:\/\/projetos.adryansoftware.com.br\/nutri\/wp-json\/wp\/v2\/pages\/17"}],"collection":[{"href":"https:\/\/projetos.adryansoftware.com.br\/nutri\/wp-json\/wp\/v2\/pages"}],"about":[{"href":"https:\/\/projetos.adryansoftware.com.br\/nutri\/wp-json\/wp\/v2\/types\/page"}],"author":[{"embeddable":true,"href":"https:\/\/projetos.adryansoftware.com.br\/nutri\/wp-json\/wp\/v2\/users\/1"}],"replies":[{"embeddable":true,"href":"https:\/\/projetos.adryansoftware.com.br\/nutri\/wp-json\/wp\/v2\/comments?post=17"}],"version-history":[{"count":10,"href":"https:\/\/projetos.adryansoftware.com.br\/nutri\/wp-json\/wp\/v2\/pages\/17\/revisions"}],"predecessor-version":[{"id":179,"href":"https:\/\/projetos.adryansoftware.com.br\/nutri\/wp-json\/wp\/v2\/pages\/17\/revisions\/179"}],"wp:attachment":[{"href":"https:\/\/projetos.adryansoftware.com.br\/nutri\/wp-json\/wp\/v2\/media?parent=17"}],"curies":[{"name":"wp","href":"https:\/\/api.w.org\/{rel}","templated":true}]}}